{"id":94,"date":"2018-05-11T17:50:13","date_gmt":"2018-05-11T15:50:13","guid":{"rendered":"http:\/\/cpsparissc.cluster020.hosting.ovh.net\/?page_id=94"},"modified":"2024-07-29T17:24:38","modified_gmt":"2024-07-29T15:24:38","slug":"pole-de-psychogerontologie-2","status":"publish","type":"page","link":"https:\/\/cpsparis.fr\/index.php\/pole-de-psychogerontologie-2\/","title":{"rendered":"P\u00f4le de psychog\u00e9rontologie"},"content":{"rendered":"<h3>P\u00f4le de psychog\u00e9rontologie<\/h3>\n<p>La lutte contre l\u2019isolement et la pr\u00e9vention du suicide des personnes \u00e2g\u00e9es a\u00a0 toujours fait partie des priorit\u00e9s de l\u2019association.<\/p>\n<p>Constatant cependant que les seniors \u00e9taient historiquement peu nombreux\u00a0 dans la file active du centre parisien, alors m\u00eame que le taux de suicide\u00a0 augmente avec l\u2019\u00e2ge et qu\u2019ils comptent pour environ 1\/3 des suicides chaque\u00a0 ann\u00e9e, nous avons cherch\u00e9 \u00e0 r\u00e9pondre \u00e0 cet enjeu de mani\u00e8re plus cibl\u00e9e.<br \/>\nNous sommes all\u00e9s \u00e0 la rencontre des professionnels du champ g\u00e9rontologique, et de rencontres en rencontres avons formul\u00e9 des projets avec eux, mont\u00e9 des actions, fait de nouvelles rencontres, et continuons ainsi\u00a0 depuis plus de dix ans \u00e0 participer quotidiennement \u00e0 l\u2019effort d\u2019am\u00e9lioration de\u00a0 la qualit\u00e9 de vie des parisiens \u00e2g\u00e9s.<br \/>\nUne dynamique particuli\u00e8re du r\u00e9seau g\u00e9rontologique permet de mettre \u00e0\u00a0 profit le positionnement du Centre, qui donne corps au \u00ab m\u00e9dicosocial \u00bb, \u00e0\u00a0 l\u2019exacte confluence du soin psychique et de l\u2019accompagnement social.<br \/>\nNous continuons ainsi d\u2019explorer toutes les pistes de recherche prometteuses,\u00a0 et participons \u00e0 la sensibilisation des professionnels comme du grand public aux questions \u00e9thiques ou complexes li\u00e9es \u00e0 l\u2019\u00e2ge.<\/p>\n<h4>Activit\u00e9s<\/h4>\n<h5>CLINIQUE :<\/h5>\n<p>Temps de\u00a0 consultations psychologiques d\u00e9di\u00e9es aux seniors au Centre.<br \/>\nAccueil d\u2019aidants en difficult\u00e9s en lien avec les plateformes ou clubs. Travail en partenariat avec les SSP et les associations des arrondissements de l\u2019Est Parisien, points cliniques t\u00e9l\u00e9phoniques, et possibilit\u00e9 de visites \u00e0 domicile sur certaines situations.<\/p>\n<h4><strong>L&rsquo;ACCUEIL CONVIVIAL ET TH\u00c9RAPEUTIQUE<br \/>\n<\/strong>PSYCHOGERONTOLOGIQUE<\/h4>\n<p>En plus des temps habituels d\u2019accueil au CPS (suivi psychologique, psychiatrique, ateliers d\u2019art-th\u00e9rapie), le p\u00f4le de psycho-g\u00e9rontologie a \u00e9t\u00e9 amen\u00e9 \u00e0 penser et proposer cet accueil d\u00e9di\u00e9 aux seniors qui ne parviennent pas \u00e0 prendre part \u00e0 des activit\u00e9s sociales classiques, qui souffrent de solitude, ou qui cherchent de nouvelles modalit\u00e9s d\u2019accompagnement psychologique.<br \/>\nLa possibilit\u00e9 d\u2019aide pour le trajet depuis le domicile, l\u2019accompagnement sur l\u2019apr\u00e8s-midi, l\u2019alternance de temps individuels et collectifs, le choix des activit\u00e9s, tout doit concourir \u00e0 la cr\u00e9ation d\u2019un espace o\u00f9 le lien \u00e0 l\u2019autre peut se travailler, se retisser au rythme de chacun<\/p>\n<p><em>Pour qui ?<\/em>\u00a0 Parisiens retrait\u00e9s, isol\u00e9s ou en difficult\u00e9 psychique<\/p>\n<p><em>Quand ?<\/em>\u00a0 Le mercredi entre 13h30 et 17hh<br \/>\ntemps de groupe entre 15h et 16h30<\/p>\n<p><em>O\u00f9 ?<\/em> au Cps Paris<\/p>\n<p><em>Comment venir ?<\/em>\u00a0 Prendre directement contact avec le CPS<br \/>\n(accueil du lundi au vendredi entre 10h et 19h en semaine, 10h et 15h le samedi), ou par t\u00e9l\u00e9phone au 0142781987<\/p>\n<p><a href=\"https:\/\/drive.google.com\/file\/d\/1EhVbdDM_QPdxybAQ7NCXLwfLLKTZDww6\/view?usp=sharing\"><strong>Plaquette de l&rsquo;accueil convivial et th\u00e9rapeutique<\/strong><\/a><\/p>\n<h5>RECHERCHE :<\/h5>\n<p>Continuant le travail sur les \u00ab Suicides oubli\u00e9s \u00bb, nous cherchons \u00e0 ouvrir les\u00a0 collaborations transdisciplinaires, et mettons nos comp\u00e9tences \u00e0 la disposition de nos partenaires accompagnant les publics fragilis\u00e9s : \u00c9valuation qualitative de dispositifs innovants (Domolive, domotique seniors).<br \/>\nEnqu\u00eate sur l\u2019isolement des seniors au sein d\u2019un quartier (RIVP).<br \/>\nCollaborations avec des \u00e9quipes de recherche en suicidologie (CRISE\/ UQAM, lien avec l\u2019association Sciences Humaines et Sant\u00e9).<br \/>\nExp\u00e9rimentation d\u2019une m\u00e9thode d\u2019accompagnement \u00e0 la d\u00e9marche \u00e9thique\u00a0 pour les \u00e9quipes g\u00e9riatriques (CAJ de l\u2019OSE).<\/p>\n<h5>EXPERTISE, FORMATION, SENSIBILISATION :<\/h5>\n<p>Participation \u00e0 des groupes d\u2019experts (recommandations de bonnes pratiques, campagnes de sant\u00e9 publique)<br \/>\nCollaboration avec le Centre Ressource en Suicidologie (CRES), r\u00e9ponses aux m\u00e9dias.<br \/>\nInterventions dans des contextes sp\u00e9cifiques (Groupes d\u2019aidants, r\u00e9flexion sur la retraite avec les Amis du Bus des Femmes, Philom\u00e8ne) Participation aux r\u00e9unions des partenaires du CLIC Est, suivi du projet de plateforme<br \/>\nD\u00e9veloppement des activit\u00e9s de l\u2019Institut de Formation et d\u2019Accompagnement \u00e0 la Pr\u00e9vention du Suicide (IFAPS)<\/p>\n<h4>PROJETS<\/h4>\n<p>Suivi du d\u00e9veloppement des consultations psychologiques g\u00e9rontologiques (augmentation du temps sur la plateforme g\u00e9rontologique du territoire,\u00a0 augmentation du temps de consultation).<br \/>\nProjet de recherche sur la place de la psychologie dans la suicidologie aujourd\u2019hui, et le r\u00f4le particulier des psychologues dans l\u2019action g\u00e9rontologique.<br \/>\nProjet favorisant l\u2019accueil des aidants les plus isol\u00e9s ou en difficult\u00e9s, en proposant un accueil aidant-aid\u00e9, le samedi, s\u2019inspirant des maisons vertes.<\/p>\n<h4>Contacts\u00a0 :<\/h4>\n<p><em><strong>\u00c9lodie Chaumette<\/strong><\/em>\u00a0 Directrice adjointe, Psychologue.<\/p>\n<p><em><strong>Claire Ohanian<\/strong><\/em>, Psychologue<\/p>\n<p><em><strong>Siegrid Darquet<\/strong><\/em> : Information, orientation (infosuicide.org)<\/p>\n","protected":false},"excerpt":{"rendered":"<p>P\u00f4le de psychog\u00e9rontologie La lutte contre l\u2019isolement et la pr\u00e9vention du suicide des personnes \u00e2g\u00e9es a\u00a0 toujours fait partie des priorit\u00e9s de l\u2019association. Constatant cependant que les seniors \u00e9taient historiquement peu nombreux\u00a0 dans la file active du centre parisien, alors m\u00eame que le taux de suicide\u00a0 augmente avec l\u2019\u00e2ge et qu\u2019ils comptent pour environ 1\/3 &hellip; <\/p>\n<p class=\"link-more\"><a href=\"https:\/\/cpsparis.fr\/index.php\/pole-de-psychogerontologie-2\/\" class=\"more-link\">Continuer la lecture<span class=\"screen-reader-text\"> de &laquo;&nbsp;P\u00f4le de psychog\u00e9rontologie&nbsp;&raquo;<\/span><\/a><\/p>\n","protected":false},"author":1,"featured_media":46,"parent":0,"menu_order":0,"comment_status":"closed","ping_status":"closed","template":"","meta":{"footnotes":""},"class_list":["post-94","page","type-page","status-publish","has-post-thumbnail","hentry"],"_links":{"self":[{"href":"https:\/\/cpsparis.fr\/index.php\/wp-json\/wp\/v2\/pages\/94","targetHints":{"allow":["GET"]}}],"collection":[{"href":"https:\/\/cpsparis.fr\/index.php\/wp-json\/wp\/v2\/pages"}],"about":[{"href":"https:\/\/cpsparis.fr\/index.php\/wp-json\/wp\/v2\/types\/page"}],"author":[{"embeddable":true,"href":"https:\/\/cpsparis.fr\/index.php\/wp-json\/wp\/v2\/users\/1"}],"replies":[{"embeddable":true,"href":"https:\/\/cpsparis.fr\/index.php\/wp-json\/wp\/v2\/comments?post=94"}],"version-history":[{"count":13,"href":"https:\/\/cpsparis.fr\/index.php\/wp-json\/wp\/v2\/pages\/94\/revisions"}],"predecessor-version":[{"id":486,"href":"https:\/\/cpsparis.fr\/index.php\/wp-json\/wp\/v2\/pages\/94\/revisions\/486"}],"wp:featuredmedia":[{"embeddable":true,"href":"https:\/\/cpsparis.fr\/index.php\/wp-json\/wp\/v2\/media\/46"}],"wp:attachment":[{"href":"https:\/\/cpsparis.fr\/index.php\/wp-json\/wp\/v2\/media?parent=94"}],"curies":[{"name":"wp","href":"https:\/\/api.w.org\/{rel}","templated":true}]}}