{"id":521,"date":"2026-02-12T10:58:29","date_gmt":"2026-02-12T09:58:29","guid":{"rendered":"https:\/\/cpsparis.fr\/?page_id=521"},"modified":"2026-02-12T13:15:45","modified_gmt":"2026-02-12T12:15:45","slug":"accueil-2","status":"publish","type":"page","link":"https:\/\/cpsparis.fr\/","title":{"rendered":"Accueil"},"content":{"rendered":"\n<p>Le <strong>Centre de Pr\u00e9vention du Suicide de Paris, CPS Paris, <\/strong>est port\u00e9 par la Fondation \u00c9lan Retrouv\u00e9 au titre de laquelle il r\u00e9pond \u00e0 deux missions compl\u00e9mentaires et indissociables : la <strong>pr\u00e9vention du suicide<\/strong> et la <strong>lutte contre l\u2019isolement<\/strong>. <br>A l\u2019interface entre la psychiatrie de secteur et le champ m\u00e9dico-social, ce centre m\u00e9dico-psychologique propose <strong>un accueil et un accompagnement de crise<\/strong>, en accordant une place pr\u00e9pond\u00e9rante \u00e0 la dimension intersubjective des soins et aux m\u00e9diations th\u00e9rapeutiques.<\/p>\n\n\n\n<p>Le CPS Paris accueille des personnes :<\/p>\n\n\n\n<p>&#8211; \u00e0 partir de 16 ans ;<br>&#8211; en situation de crise suicidaire ou de crise psychique.<\/p>\n\n\n\n<p>Le <em>premier accueil<\/em> peut \u00eatre r\u00e9alis\u00e9 <strong>avec ou sans rendez-vous<\/strong>.<\/p>\n\n\n\n<p>Suite \u00e0 ce premier accueil, selon les situations, le CPS Paris peut proposer&nbsp;:<\/p>\n\n\n\n<p>&#8211; un <em>accompagnement th\u00e9rapeutique<\/em> du temps de crise ;<\/p>\n\n\n\n<p>&#8211; ou un <em>accueil renforc\u00e9<\/em> lors duquel la personne sera re\u00e7ue par un bin\u00f4me de professionnels du centre pour compl\u00e9ter l\u2019\u00e9valuation de la demande&nbsp;;<\/p>\n\n\n\n<p>&#8211; ou une <em>orientation<\/em> vers diff\u00e9rents services (Urgences hospitali\u00e8res, Centres d\u2019Accueil de Crise, mais aussi Centres M\u00e9dico-Psychologiques de Secteur, Associations proposant des accompagnements et des soins psychoth\u00e9rapiques, Professionnels de Sant\u00e9 Lib\u00e9raux..).<\/p>\n\n\n\n<p>L\u2019accompagnement est r\u00e9alis\u00e9 au sein de diff\u00e9rents espaces, individuels et groupaux, par l\u2019\u00e9quipe du CPS Paris (accueil, m\u00e9diations artistiques assistante sociale, psychiatre, psychologues).<\/p>\n\n\n\n<p>Toutes les actions conduites par et dans l\u2019\u00e9tablissement &#8211; consultation, accueil, orientation comme sa participation ou son soutien \u00e0 des actions de pr\u00e9vention, de formation ou d\u2019information visent \u00e0 travailler les probl\u00e9matiques de la sant\u00e9 psychique, de l\u2019isolement et du suicide.<\/p>\n\n\n\n<p>***<\/p>\n\n\n\n<p><img loading=\"lazy\" decoding=\"async\" width=\"145\" height=\"145\" src=\"https:\/\/cpsparis.fr\/wp-content\/uploads\/2021\/03\/qrcpsparis-300x300.png\" alt=\"\"><\/p>\n\n\n\n<p>***<\/p>\n\n\n\n<div data-wp-interactive=\"core\/file\" class=\"wp-block-file\"><object data-wp-bind--hidden=\"!state.hasPdfPreview\" hidden class=\"wp-block-file__embed\" data=\"https:\/\/cpsparis.fr\/wp-content\/uploads\/2026\/02\/plaquette-CPS-Paris-2026.pdf\" type=\"application\/pdf\" style=\"width:100%;height:600px\" aria-label=\"Contenu embarqu\u00e9 plaquette CPS Paris 2026.\"><\/object><a id=\"wp-block-file--media-4158e638-359c-476f-8a4b-6cafb8015ca9\" href=\"https:\/\/cpsparis.fr\/wp-content\/uploads\/2026\/02\/plaquette-CPS-Paris-2026.pdf\">plaquette CPS Paris 2026<\/a><a href=\"https:\/\/cpsparis.fr\/wp-content\/uploads\/2026\/02\/plaquette-CPS-Paris-2026.pdf\" class=\"wp-block-file__button wp-element-button\" download aria-describedby=\"wp-block-file--media-4158e638-359c-476f-8a4b-6cafb8015ca9\">T\u00e9l\u00e9charger<\/a><\/div>\n\n\n\n<p><img loading=\"lazy\" decoding=\"async\" width=\"800\" height=\"192\" class=\"wp-image-531\" style=\"width: 800px;\" src=\"https:\/\/cpsparis.fr\/wp-content\/uploads\/2026\/02\/Nos-soutiens--scaled.png\" alt=\"\" srcset=\"https:\/\/cpsparis.fr\/wp-content\/uploads\/2026\/02\/Nos-soutiens--scaled.png 2560w, https:\/\/cpsparis.fr\/wp-content\/uploads\/2026\/02\/Nos-soutiens--300x72.png 300w, https:\/\/cpsparis.fr\/wp-content\/uploads\/2026\/02\/Nos-soutiens--1024x245.png 1024w, https:\/\/cpsparis.fr\/wp-content\/uploads\/2026\/02\/Nos-soutiens--768x184.png 768w, https:\/\/cpsparis.fr\/wp-content\/uploads\/2026\/02\/Nos-soutiens--1536x368.png 1536w, https:\/\/cpsparis.fr\/wp-content\/uploads\/2026\/02\/Nos-soutiens--2048x491.png 2048w\" sizes=\"auto, (max-width: 767px) 89vw, (max-width: 1000px) 54vw, (max-width: 1071px) 543px, 580px\" \/><br>***<\/p>\n\n\n\n<p><strong>Zoom sur les activit\u00e9s du centre<\/strong><\/p>\n\n\n\n<p><a href=\"https:\/\/cpsparis.fr\/index.php\/la-cape\/\">La Cape (Cellule d&rsquo;Aide Psychologique pour les Etudiant.e.s)<\/a><\/p>\n\n\n\n<p><a href=\"https:\/\/cpsparis.fr\/index.php\/ateliers\/\">Les Ateliers<\/a><\/p>\n\n\n\n<p><a href=\"https:\/\/cpsparis.fr\/index.php\/pole-de-psychogerontologie-2\/\">Pole Psychog\u00e9rontologie<\/a><\/p>\n\n\n\n<p><a href=\"https:\/\/cpsparis.fr\/index.php\/seminaire\/\" data-type=\"page\" data-id=\"408\">S\u00e9minaire<\/a><\/p>\n\n\n\n<p><a href=\"http:\/\/www.infosuicide.org\">Infosuicide.org<\/a><\/p>\n\n\n\n<p>Actions de Sensibilisation pr\u00e9vention suicide (nous contacter)<\/p>\n\n\n\n<p>Actions de formations (nous contacter)<\/p>\n\n\n\n<p><a href=\"https:\/\/cpsparis.fr\/index.php\/historique-2\/\">En savoir plus sur l&rsquo;histoire du CPS Paris<\/a><\/p>\n\n\n<div class=\"wp-block-image\">\n<figure class=\"aligncenter\"><img loading=\"lazy\" decoding=\"async\" width=\"150\" height=\"150\" src=\"https:\/\/cpsparis.fr\/wp-content\/uploads\/2024\/07\/cropped-Plan-de-travail-2-2.png\" alt=\"\" class=\"wp-image-389\" srcset=\"https:\/\/cpsparis.fr\/wp-content\/uploads\/2024\/07\/cropped-Plan-de-travail-2-2.png 150w, https:\/\/cpsparis.fr\/wp-content\/uploads\/2024\/07\/cropped-Plan-de-travail-2-2-100x100.png 100w\" sizes=\"auto, (max-width: 150px) 100vw, 150px\" \/><\/figure>\n<\/div>\n\n\n<p class=\"has-text-align-center\">Gestionnaire : Fondation \u00c9lan Retrouv\u00e9<br>23 rue Catherine de La Rochefoucauld<br>75009 Paris<br><a href=\"https:\/\/www.elan-retrouve.org\/\">https:\/\/www.elan-retrouve.org\/<\/a><\/p>\n","protected":false},"excerpt":{"rendered":"<p>Le Centre de Pr\u00e9vention du Suicide de Paris, CPS Paris, est port\u00e9 par la Fondation \u00c9lan Retrouv\u00e9 au titre de laquelle il r\u00e9pond \u00e0 deux missions compl\u00e9mentaires et indissociables : la pr\u00e9vention du suicide et la lutte contre l\u2019isolement. A l\u2019interface entre la psychiatrie de secteur et le champ m\u00e9dico-social, ce centre m\u00e9dico-psychologique propose un &hellip; <\/p>\n<p class=\"link-more\"><a href=\"https:\/\/cpsparis.fr\/\" class=\"more-link\">Continuer la lecture<span class=\"screen-reader-text\"> de &laquo;&nbsp;Accueil&nbsp;&raquo;<\/span><\/a><\/p>\n","protected":false},"author":1,"featured_media":0,"parent":0,"menu_order":0,"comment_status":"closed","ping_status":"closed","template":"","meta":{"footnotes":""},"class_list":["post-521","page","type-page","status-publish","hentry"],"_links":{"self":[{"href":"https:\/\/cpsparis.fr\/index.php\/wp-json\/wp\/v2\/pages\/521","targetHints":{"allow":["GET"]}}],"collection":[{"href":"https:\/\/cpsparis.fr\/index.php\/wp-json\/wp\/v2\/pages"}],"about":[{"href":"https:\/\/cpsparis.fr\/index.php\/wp-json\/wp\/v2\/types\/page"}],"author":[{"embeddable":true,"href":"https:\/\/cpsparis.fr\/index.php\/wp-json\/wp\/v2\/users\/1"}],"replies":[{"embeddable":true,"href":"https:\/\/cpsparis.fr\/index.php\/wp-json\/wp\/v2\/comments?post=521"}],"version-history":[{"count":7,"href":"https:\/\/cpsparis.fr\/index.php\/wp-json\/wp\/v2\/pages\/521\/revisions"}],"predecessor-version":[{"id":553,"href":"https:\/\/cpsparis.fr\/index.php\/wp-json\/wp\/v2\/pages\/521\/revisions\/553"}],"wp:attachment":[{"href":"https:\/\/cpsparis.fr\/index.php\/wp-json\/wp\/v2\/media?parent=521"}],"curies":[{"name":"wp","href":"https:\/\/api.w.org\/{rel}","templated":true}]}}