{"id":408,"date":"2024-07-23T13:18:04","date_gmt":"2024-07-23T11:18:04","guid":{"rendered":"https:\/\/cpsparis.fr\/?page_id=408"},"modified":"2026-02-12T13:08:49","modified_gmt":"2026-02-12T12:08:49","slug":"seminaire","status":"publish","type":"page","link":"https:\/\/cpsparis.fr\/index.php\/seminaire\/","title":{"rendered":"S\u00e9minaire"},"content":{"rendered":"\n<p>Cycles du s\u00e9minaire de \u00ab&nbsp;Psychiatrie du sujet \u00e2g\u00e9\u00a0\u00bb : pratique de la parole&nbsp;\u00bb\u00a0\u00bb<\/p>\n\n\n\n<p>N\u00e9 de l\u2019envie de partager une clinique sp\u00e9cifique, du plaisir pris \u00e0 \u00e9changer quand c\u2019\u00e9tait possible, le s\u00e9minaire avait pour but d\u2019instituer ce temps d\u2019\u00e9changes, de le p\u00e9renniser. D\u2019une poign\u00e9e de \u00ab&nbsp;psys&nbsp;\u00bb au d\u00e9part, \u00e0 pr\u00e8s de 800 professionnels inscrits en ligne aujourd\u2019hui, ce s\u00e9minaire se professionnalise, mais garde son ancrage de terrain. Il est h\u00e9berg\u00e9 au CPS depuis 2022. L\u2019\u00e9quipe de coordination du s\u00e9minaire comprend des professionnels des H\u00f4pitaux de Saint Maurice, du CH de La R\u00e9union, du CPS Paris, et des m\u00e9decins retrait\u00e9s.<\/p>\n\n\n\n<p>Les interventions du s\u00e9minaire sont disponibles en replay sur une cha\u00eene YouTube d\u00e9di\u00e9e, qui compte plus de 250 abonn\u00e9s. L\u2019organisation logistique, les prises de vue et le montage sont assur\u00e9s par l\u2019\u00e9quipe du CPS.<\/p>\n\n\n\n<p>Cycle 2026 \u00ab&nbsp;Psychiatrie du sujet \u00e2g\u00e9 : pratique de la parole&nbsp;\u00bb<\/p>\n\n\n\n<p>\u00ab\u00a0Les pratiques de parole sont rang\u00e9es avec les m\u00e9diations corporelles ou artistiques dans les th\u00e9rapeutiques non m\u00e9dicamenteuses ; la pharmacoth\u00e9rapie \u00e9tant mise au premier plan.<\/p>\n\n\n\n<p>Comme si \u00e0 un \u00e2ge avanc\u00e9, les effets de la parole \u00e9taient moins op\u00e9rants que chez le sujet plus jeune. Que recouvre le syntagme pratiques de parole ? <br>nous nous attacherons au cours de cette session \u00e0 parcourir  et illustrer l&rsquo;eventail clinqiue des r\u00e9ponses possibles selon la technique, entre les entretiens de soutien, les psychoth\u00e9rapies d&rsquo;orientations diverses, la psychanalyse et le lieu de la rencontre : le service, l&rsquo;Ehpad, le CMP, le cabinet ou le domicile.<\/p>\n\n\n\n<p>***C\u2019est le vendredi matin, une fois par mois,<br>de 10h \u00e0 12h, au CPS Paris<br>(3 rue Jean-Baptiste Dumay 75020 Paris)<br>ou en visio.<br><br>PROCHAINE SESSION : LE 13 F\u00c9VRIER<br>AVEC PATRICK BANTMAN, PSYCHIATRE<br>\u00ab&nbsp;Transmettre entre enfants, parents et grands parents : approche syst\u00e9mique de<br>la famille&nbsp;\u00bb<\/p>\n\n\n\n<p>Programme<\/p>\n\n\n\n<p>23\/01 Beno\u00eet Verdon, Professeur de psychologie clinique et psychopathologie, Universit\u00e9 de Paris<br>L\u2019\u00e9coute \u00e0 bonne distance dans la rencontre th\u00e9rapeutique avec l\u2019adulte \u00e2g\u00e9<br>13\/02 Patrick Bantman,  psychiatre, Paris<br>Transmettre entre enfants, parents et grands-parents : approche syst\u00e9mique de la famille<br>13\/03 J\u00e9r\u00f4me Pellerin, psychiatre, psychanalyste, Paris <br>Th\u00e9rapies \u00e0 domicile<br>10\/04 Marie Christine Cabi\u00e9,  psychiatre, psychoth\u00e9rapeute, formatrice en th\u00e9rapie familiale syst\u00e9mique et th\u00e9rapies br\u00e8ves, Paris<br>Th\u00e9rapies br\u00e8ves<br>22\/05 Sita Gakou,  infirmi\u00e8re en pratique avanc\u00e9e, GHU Paris psychiatrie &amp; neurosciences<br>Pratiques de parole \u00e0 domicile<br>12\/06 Marie Besegai psychologue, psychoth\u00e9rapeute<br>La th\u00e9rapie comportementale dialectique<br>03\/07 Jean Pierre Schuster  psychiatre, Centre Neuch\u00e2telois de Psychiatrie, Suisse.<br>titre en attente de confirmation<\/p>\n\n\n\n<div data-wp-interactive=\"core\/file\" class=\"wp-block-file\"><object data-wp-bind--hidden=\"!state.hasPdfPreview\" hidden class=\"wp-block-file__embed\" data=\"https:\/\/cpsparis.fr\/wp-content\/uploads\/2026\/02\/AfficheSeminairePSA2026Parole-002.pdf\" type=\"application\/pdf\" style=\"width:100%;height:600px\" aria-label=\"Contenu embarqu\u00e9 AfficheSeminairePSA2026Parole (002).\"><\/object><a id=\"wp-block-file--media-1ee85ed5-f7a9-4903-a46a-ef949a1343a1\" href=\"https:\/\/cpsparis.fr\/wp-content\/uploads\/2026\/02\/AfficheSeminairePSA2026Parole-002.pdf\">AfficheSeminairePSA2026Parole (002)<\/a><a href=\"https:\/\/cpsparis.fr\/wp-content\/uploads\/2026\/02\/AfficheSeminairePSA2026Parole-002.pdf\" class=\"wp-block-file__button wp-element-button\" download aria-describedby=\"wp-block-file--media-1ee85ed5-f7a9-4903-a46a-ef949a1343a1\">T\u00e9l\u00e9charger<\/a><\/div>\n\n\n\n<p><\/p>\n\n\n\n<figure class=\"wp-block-table\"><table class=\"has-fixed-layout\"><tbody><tr><td><img decoding=\"async\" width=\"200\" src=\"blob:https:\/\/cpsparis.fr\/ec6d797a-4cef-4520-86c4-ecf0068aec0c\"> \u00a0 \u00ab\u00a0Pratiques de parole\u00a0\u00bb \u00a0 <strong>Ve 13\/02\/2026 \u00e0 10h<\/strong> \u00a0 <br>Voici le lien pour ce deuxi\u00e8me webinaire du cycle \u00ab\u00a0Pratiques de parole\u00a0\u00bb: \u00a0<br> \u00ab\u00a0Transmettre entre enfants, parents et grands parents : approche syst\u00e9mique de la famille\u00a0\u00bb Dr Patrick BANTMAN <br>Vendredi 13\/02\/2026 de 10h \u00e0 12h <br>\u00a0 <a href=\"https:\/\/a0134.r.sp1-brevo.net\/mk\/cl\/f\/sh\/6rqJfgq8dINmNXZTImIsTL8wFdt\/Y9AkHqbZq7sl\" target=\"_blank\" rel=\"noreferrer noopener\">https:\/\/us02web.zoom.us\/j\/88220666441<\/a> \u00a0<br><br><a href=\"https:\/\/8e0b0e10.sibforms.com\/serve\/MUIFAFzZIWBvN6U3kfcD9igZ8yv6gmpxlYAyJ-QPXSpLO8qbuz9vPhbXWfKilhZfHoiWGO0W6Ld3LBfh_GGsz_S_X8Q3f8FK_hl0r28nnLoCbWrsIZnDdB0K8jGxx68WBfoqXLiJDItzlB-1hv6d2K7hMtPnVQ-xwhIlseE32B1gIEL6z0g32vJ2Z4lBlkQlYz5sBZ-Lost-oXUI\">Inscription \u00e0 la newsletter au S\u00e9minaire de psychiatrie de la personne \u00e2g\u00e9e &#8211; Paris Est<br>pour recevoir toutes les informations, et les liens webinaire\/vid\u00e9o! <\/a><br><br>Info + : L&rsquo;inscription sur la plateforme Digiforma permet de faciliter la gestion des inscriptions et attestations. Merci de bien vous inscrire via le lien ci-dessous si vous avez besoin d&rsquo;attestations. \u00a0 <a href=\"https:\/\/a0134.r.sp1-brevo.net\/mk\/cl\/f\/sh\/6rqJfgq8dIPRPzrcn5iQOwGrswv\/4v8XwHnFuX6S\" target=\"_blank\" rel=\"noreferrer noopener\">Formulaire<\/a> \u00a0<br><br><br><br><\/td><\/tr><\/tbody><\/table><\/figure>\n\n\n\n<p><br><\/p>\n","protected":false},"excerpt":{"rendered":"<p>Cycles du s\u00e9minaire de \u00ab&nbsp;Psychiatrie du sujet \u00e2g\u00e9\u00a0\u00bb : pratique de la parole&nbsp;\u00bb\u00a0\u00bb N\u00e9 de l\u2019envie de partager une clinique sp\u00e9cifique, du plaisir pris \u00e0 \u00e9changer quand c\u2019\u00e9tait possible, le s\u00e9minaire avait pour but d\u2019instituer ce temps d\u2019\u00e9changes, de le p\u00e9renniser. D\u2019une poign\u00e9e de \u00ab&nbsp;psys&nbsp;\u00bb au d\u00e9part, \u00e0 pr\u00e8s de 800 professionnels inscrits en ligne &hellip; <\/p>\n<p class=\"link-more\"><a href=\"https:\/\/cpsparis.fr\/index.php\/seminaire\/\" class=\"more-link\">Continuer la lecture<span class=\"screen-reader-text\"> de &laquo;&nbsp;S\u00e9minaire&nbsp;&raquo;<\/span><\/a><\/p>\n","protected":false},"author":1,"featured_media":478,"parent":0,"menu_order":0,"comment_status":"closed","ping_status":"closed","template":"","meta":{"footnotes":""},"class_list":["post-408","page","type-page","status-publish","has-post-thumbnail","hentry"],"_links":{"self":[{"href":"https:\/\/cpsparis.fr\/index.php\/wp-json\/wp\/v2\/pages\/408","targetHints":{"allow":["GET"]}}],"collection":[{"href":"https:\/\/cpsparis.fr\/index.php\/wp-json\/wp\/v2\/pages"}],"about":[{"href":"https:\/\/cpsparis.fr\/index.php\/wp-json\/wp\/v2\/types\/page"}],"author":[{"embeddable":true,"href":"https:\/\/cpsparis.fr\/index.php\/wp-json\/wp\/v2\/users\/1"}],"replies":[{"embeddable":true,"href":"https:\/\/cpsparis.fr\/index.php\/wp-json\/wp\/v2\/comments?post=408"}],"version-history":[{"count":21,"href":"https:\/\/cpsparis.fr\/index.php\/wp-json\/wp\/v2\/pages\/408\/revisions"}],"predecessor-version":[{"id":549,"href":"https:\/\/cpsparis.fr\/index.php\/wp-json\/wp\/v2\/pages\/408\/revisions\/549"}],"wp:featuredmedia":[{"embeddable":true,"href":"https:\/\/cpsparis.fr\/index.php\/wp-json\/wp\/v2\/media\/478"}],"wp:attachment":[{"href":"https:\/\/cpsparis.fr\/index.php\/wp-json\/wp\/v2\/media?parent=408"}],"curies":[{"name":"wp","href":"https:\/\/api.w.org\/{rel}","templated":true}]}}