{"id":27,"date":"2018-05-07T16:24:29","date_gmt":"2018-05-07T14:24:29","guid":{"rendered":"http:\/\/cpsparissc.cluster020.hosting.ovh.net\/?page_id=27"},"modified":"2024-12-04T17:24:59","modified_gmt":"2024-12-04T16:24:59","slug":"contact","status":"publish","type":"page","link":"https:\/\/cpsparis.fr\/index.php\/contact\/","title":{"rendered":"Contacts"},"content":{"rendered":"<ul>\n<li>Contactez le CPS Paris<\/li>\n<li><a href=\"https:\/\/cpsparis.fr\/index.php\/partenaires\/\">Nos partenaires<\/a><\/li>\n<li><a href=\"https:\/\/cpsparis.fr\/index.php\/2018\/05\/03\/bonjour-tout-le-monde\/\">S&rsquo;inscrire \u00e0 la Newsletter du CPS Paris<\/a><\/li>\n<li><a href=\"http:\/\/cpsparis.blogspot.fr\/\">Le blog du CPS Paris : retrouvez l&rsquo;actu et les prochaines manifestations<\/a><strong><br \/>\n<\/strong><\/li>\n<\/ul>\n<p><strong>CPS Paris<\/strong><br \/>\n<strong>Centre Pr\u00e9vention du Suicide Paris<\/strong><br \/>\n<strong>Lutte contre l&rsquo;isolement et pr\u00e9vention du suicide<\/strong><\/p>\n<p>3 rue Jean-Baptiste Dumay<br \/>\n75020 paris<\/p>\n<p>T\u00e9l : 01 42 78 19 87<\/p>\n<p>cpsparis@cpsparis.fr<\/p>\n<p>M\u00b0 Pyr\u00e9n\u00e9es\u00a0 ou Jourdain (ligne 11)<\/p>\n<p><img loading=\"lazy\" decoding=\"async\" class=\"wp-image-65 size-medium alignleft\" src=\"http:\/\/cpsparissc.cluster020.hosting.ovh.net\/wp-content\/uploads\/2018\/05\/petitbourgeon-300x214.png\" alt=\"\" width=\"300\" height=\"214\" srcset=\"https:\/\/cpsparis.fr\/wp-content\/uploads\/2018\/05\/petitbourgeon-300x214.png 300w, https:\/\/cpsparis.fr\/wp-content\/uploads\/2018\/05\/petitbourgeon.png 683w\" sizes=\"auto, (max-width: 300px) 100vw, 300px\" \/><\/p>\n<p><strong>HEURES D&rsquo;ACCUEIL SANS RDV :<\/strong><\/p>\n<p>Du lundi au vendredi de 10h \u00e0 16H<br \/>\nSamedi de 10h \u00e0 14h<\/p>\n","protected":false},"excerpt":{"rendered":"<p>Contactez le CPS Paris Nos partenaires S&rsquo;inscrire \u00e0 la Newsletter du CPS Paris Le blog du CPS Paris : retrouvez l&rsquo;actu et les prochaines manifestations CPS Paris Centre Pr\u00e9vention du Suicide Paris Lutte contre l&rsquo;isolement et pr\u00e9vention du suicide 3 rue Jean-Baptiste Dumay 75020 paris T\u00e9l : 01 42 78 19 87 cpsparis@cpsparis.fr M\u00b0 Pyr\u00e9n\u00e9es\u00a0 &hellip; <\/p>\n<p class=\"link-more\"><a href=\"https:\/\/cpsparis.fr\/index.php\/contact\/\" class=\"more-link\">Continuer la lecture<span class=\"screen-reader-text\"> de &laquo;&nbsp;Contacts&nbsp;&raquo;<\/span><\/a><\/p>\n","protected":false},"author":1,"featured_media":31,"parent":0,"menu_order":0,"comment_status":"closed","ping_status":"closed","template":"","meta":{"footnotes":""},"class_list":["post-27","page","type-page","status-publish","has-post-thumbnail","hentry"],"_links":{"self":[{"href":"https:\/\/cpsparis.fr\/index.php\/wp-json\/wp\/v2\/pages\/27","targetHints":{"allow":["GET"]}}],"collection":[{"href":"https:\/\/cpsparis.fr\/index.php\/wp-json\/wp\/v2\/pages"}],"about":[{"href":"https:\/\/cpsparis.fr\/index.php\/wp-json\/wp\/v2\/types\/page"}],"author":[{"embeddable":true,"href":"https:\/\/cpsparis.fr\/index.php\/wp-json\/wp\/v2\/users\/1"}],"replies":[{"embeddable":true,"href":"https:\/\/cpsparis.fr\/index.php\/wp-json\/wp\/v2\/comments?post=27"}],"version-history":[{"count":12,"href":"https:\/\/cpsparis.fr\/index.php\/wp-json\/wp\/v2\/pages\/27\/revisions"}],"predecessor-version":[{"id":502,"href":"https:\/\/cpsparis.fr\/index.php\/wp-json\/wp\/v2\/pages\/27\/revisions\/502"}],"wp:featuredmedia":[{"embeddable":true,"href":"https:\/\/cpsparis.fr\/index.php\/wp-json\/wp\/v2\/media\/31"}],"wp:attachment":[{"href":"https:\/\/cpsparis.fr\/index.php\/wp-json\/wp\/v2\/media?parent=27"}],"curies":[{"name":"wp","href":"https:\/\/api.w.org\/{rel}","templated":true}]}}