{"id":177,"date":"2018-05-14T11:56:11","date_gmt":"2018-05-14T09:56:11","guid":{"rendered":"http:\/\/cpsparissc.cluster020.hosting.ovh.net\/?page_id=177"},"modified":"2024-07-29T17:23:54","modified_gmt":"2024-07-29T15:23:54","slug":"partenaires","status":"publish","type":"page","link":"https:\/\/cpsparis.fr\/index.php\/contact\/partenaires\/","title":{"rendered":"Partenaires"},"content":{"rendered":"<ul>\n<li><a href=\"https:\/\/www.iledefrance.ars.sante.fr\/\">ARS<\/a> Agence R\u00e9gionale de Sant\u00e9 Ile de France<\/li>\n<li><a href=\"https:\/\/www.infosuicide.org\/\">INFOSUICIDE.ORG<\/a><\/li>\n<li><a href=\"http:\/\/fealips.org\">FEALIPS<\/a>\u00a0 F\u00e9d\u00e9ration Europ\u00e9enne des Associations luttant contre l\u2019Isolement et pour la Pr\u00e9vention du Suicide<\/li>\n<li><a href=\"http:\/\/www.unps.fr\/\">UNPS<\/a>, Union Nationale pour la Pr\u00e9vention du Suicide<\/li>\n<\/ul>\n<p>&#8230;<\/p>\n<p>En construction<\/p>\n","protected":false},"excerpt":{"rendered":"<p>ARS Agence R\u00e9gionale de Sant\u00e9 Ile de France INFOSUICIDE.ORG FEALIPS\u00a0 F\u00e9d\u00e9ration Europ\u00e9enne des Associations luttant contre l\u2019Isolement et pour la Pr\u00e9vention du Suicide UNPS, Union Nationale pour la Pr\u00e9vention du Suicide &#8230; En construction<\/p>\n","protected":false},"author":1,"featured_media":0,"parent":27,"menu_order":0,"comment_status":"closed","ping_status":"closed","template":"","meta":{"footnotes":""},"class_list":["post-177","page","type-page","status-publish","hentry"],"_links":{"self":[{"href":"https:\/\/cpsparis.fr\/index.php\/wp-json\/wp\/v2\/pages\/177","targetHints":{"allow":["GET"]}}],"collection":[{"href":"https:\/\/cpsparis.fr\/index.php\/wp-json\/wp\/v2\/pages"}],"about":[{"href":"https:\/\/cpsparis.fr\/index.php\/wp-json\/wp\/v2\/types\/page"}],"author":[{"embeddable":true,"href":"https:\/\/cpsparis.fr\/index.php\/wp-json\/wp\/v2\/users\/1"}],"replies":[{"embeddable":true,"href":"https:\/\/cpsparis.fr\/index.php\/wp-json\/wp\/v2\/comments?post=177"}],"version-history":[{"count":7,"href":"https:\/\/cpsparis.fr\/index.php\/wp-json\/wp\/v2\/pages\/177\/revisions"}],"predecessor-version":[{"id":484,"href":"https:\/\/cpsparis.fr\/index.php\/wp-json\/wp\/v2\/pages\/177\/revisions\/484"}],"up":[{"embeddable":true,"href":"https:\/\/cpsparis.fr\/index.php\/wp-json\/wp\/v2\/pages\/27"}],"wp:attachment":[{"href":"https:\/\/cpsparis.fr\/index.php\/wp-json\/wp\/v2\/media?parent=177"}],"curies":[{"name":"wp","href":"https:\/\/api.w.org\/{rel}","templated":true}]}}